{"id":1692,"date":"2020-06-12T07:52:20","date_gmt":"2020-06-12T06:52:20","guid":{"rendered":"http:\/\/mct.ese.ipp.pt\/?page_id=1692"},"modified":"2022-10-10T09:46:00","modified_gmt":"2022-10-10T08:46:00","slug":"ano-letivo-2019-2020","status":"publish","type":"page","link":"https:\/\/mct.ese.ipp.pt\/?page_id=1692","title":{"rendered":"Ano Letivo 2019\/2020"},"content":{"rendered":"\n<p>Lic. Educa\u00e7\u00e3o Social<\/p>\n\n\n<div class=\"wp-block-categories-dropdown wp-block-categories\"><label class=\"wp-block-categories__label\" for=\"wp-block-categories-1\">Categorias<\/label><select  name='category_name' id='wp-block-categories-1' class='postform'>\n\t<option value='-1'>Seleccionar Categoria<\/option>\n\t<option class=\"level-0\" value=\"ano-letivo-2018-2019\">Ano Letivo 2018\/2019&nbsp;&nbsp;(48)<\/option>\n\t<option class=\"level-1\" value=\"tic_ese_18_19\">&nbsp;&nbsp;&nbsp;Lic EB (2018\/19)&nbsp;&nbsp;(27)<\/option>\n\t<option class=\"level-2\" value=\"es01\">&nbsp;&nbsp;&nbsp;&nbsp;&nbsp;&nbsp;Ed. Social (2018_2020) Turma 01&nbsp;&nbsp;(7)<\/option>\n\t<option class=\"level-2\" value=\"es02\">&nbsp;&nbsp;&nbsp;&nbsp;&nbsp;&nbsp;Ed. Social (2018_2020) Turma 02&nbsp;&nbsp;(8)<\/option>\n\t<option class=\"level-2\" value=\"es03\">&nbsp;&nbsp;&nbsp;&nbsp;&nbsp;&nbsp;Ed. Social (2018_2020) Turma 03&nbsp;&nbsp;(10)<\/option>\n\t<option class=\"level-1\" value=\"leb18_19\">&nbsp;&nbsp;&nbsp;Lic. Ens. B\u00e1sico (2018_2019)&nbsp;&nbsp;(21)<\/option>\n\t<option class=\"level-2\" value=\"leb01\">&nbsp;&nbsp;&nbsp;&nbsp;&nbsp;&nbsp;Lic. EB (2018\/2019) T01&nbsp;&nbsp;(7)<\/option>\n\t<option class=\"level-2\" value=\"leb02\">&nbsp;&nbsp;&nbsp;&nbsp;&nbsp;&nbsp;Lic. EB (2018\/2019) T02&nbsp;&nbsp;(7)<\/option>\n\t<option class=\"level-2\" value=\"leb03\">&nbsp;&nbsp;&nbsp;&nbsp;&nbsp;&nbsp;Lic. EB (2018\/2019) T03&nbsp;&nbsp;(7)<\/option>\n\t<option class=\"level-0\" value=\"anoletivo_19_20\">Ano Letivo 2019\/2020&nbsp;&nbsp;(67)<\/option>\n\t<option class=\"level-1\" value=\"es_d_19_20\">&nbsp;&nbsp;&nbsp;Lic Ed. Social Diurno (2019\/2020)&nbsp;&nbsp;(20)<\/option>\n\t<option class=\"level-2\" value=\"t1-es-19_20\">&nbsp;&nbsp;&nbsp;&nbsp;&nbsp;&nbsp;Ed. Social (2019_2020) Turma 01&nbsp;&nbsp;(9)<\/option>\n\t<option class=\"level-2\" value=\"19_20_es_t2\">&nbsp;&nbsp;&nbsp;&nbsp;&nbsp;&nbsp;Ed. Social (2019_2020) Turma 02&nbsp;&nbsp;(10)<\/option>\n\t<option class=\"level-1\" value=\"leb_19_20\">&nbsp;&nbsp;&nbsp;Lic. Ens. B\u00e1sico (2019_2020)&nbsp;&nbsp;(24)<\/option>\n\t<option class=\"level-2\" value=\"1920_leb02\">&nbsp;&nbsp;&nbsp;&nbsp;&nbsp;&nbsp;Lic. EB (2019\/2020) [1EBA]&nbsp;&nbsp;(9)<\/option>\n\t<option class=\"level-2\" value=\"1930_leb03\">&nbsp;&nbsp;&nbsp;&nbsp;&nbsp;&nbsp;Lic. EB (2019\/2020) [1EBB]&nbsp;&nbsp;(8)<\/option>\n\t<option class=\"level-2\" value=\"1920_leb_1_800\">&nbsp;&nbsp;&nbsp;&nbsp;&nbsp;&nbsp;Lic. EB (2019\/2020) [1EBC]&nbsp;&nbsp;(7)<\/option>\n\t<option class=\"level-1\" value=\"19_20_gp\">&nbsp;&nbsp;&nbsp;Lic. Gest\u00e3o Patrim\u00f3nio (2019\/2020)&nbsp;&nbsp;(17)<\/option>\n\t<option class=\"level-1\" value=\"msgp_19_20\">&nbsp;&nbsp;&nbsp;Mestrado G. Pat. (2019\/2020)&nbsp;&nbsp;(7)<\/option>\n\t<option class=\"level-0\" value=\"ano-letivo-2021-2022\">Ano Letivo 2021\/2022&nbsp;&nbsp;(1)<\/option>\n\t<option class=\"level-1\" value=\"lic-eb-2021-2022\">&nbsp;&nbsp;&nbsp;Lic EB 2021\/2022&nbsp;&nbsp;(1)<\/option>\n\t<option class=\"level-2\" value=\"lic-eb-2021-2022-t01\">&nbsp;&nbsp;&nbsp;&nbsp;&nbsp;&nbsp;Lic EB (2021\/2022) 1EBB_9:00&nbsp;&nbsp;(1)<\/option>\n\t<option class=\"level-0\" value=\"sem-categoria\">Sem categoria&nbsp;&nbsp;(60)<\/option>\n<\/select><script type=\"text\/javascript\">\n\/* <![CDATA[ *\/\n( ( [ dropdownId, homeUrl ] ) => {\n\t\tconst dropdown = document.getElementById( dropdownId );\n\t\tfunction onSelectChange() {\n\t\t\tsetTimeout( () => {\n\t\t\t\tif ( 'escape' === dropdown.dataset.lastkey ) {\n\t\t\t\t\treturn;\n\t\t\t\t}\n\t\t\t\tif ( dropdown.value && dropdown instanceof HTMLSelectElement ) {\n\t\t\t\t\tconst url = new URL( homeUrl );\n\t\t\t\t\turl.searchParams.set( dropdown.name, dropdown.value );\n\t\t\t\t\tlocation.href = url.href;\n\t\t\t\t}\n\t\t\t}, 250 );\n\t\t}\n\t\tfunction onKeyUp( event ) {\n\t\t\tif ( 'Escape' === event.key ) {\n\t\t\t\tdropdown.dataset.lastkey = 'escape';\n\t\t\t} else {\n\t\t\t\tdelete dropdown.dataset.lastkey;\n\t\t\t}\n\t\t}\n\t\tfunction onClick() {\n\t\t\tdelete dropdown.dataset.lastkey;\n\t\t}\n\t\tdropdown.addEventListener( 'keyup', onKeyUp );\n\t\tdropdown.addEventListener( 'click', onClick );\n\t\tdropdown.addEventListener( 'change', onSelectChange );\n\t} )( [\"wp-block-categories-1\",\"https:\/\/mct.ese.ipp.pt\"] );\n\/\/# sourceURL=build_dropdown_script_block_core_categories\n\/* ]]> *\/\n<\/script>\n\n<\/div>\n\n\n<p>Lic Ensino B\u00e1sico<\/p>\n\n\n\n<p>Lic. Gest\u00e3o do Patrim\u00f3nio<\/p>\n\n\n\n<p>Mestrado em Gest\u00e3o do Patrim\u00f3nio<\/p>\n\n\n\n<p>Tradu\u00e7\u00e3o e Interpreta\u00e7\u00e3o em L\u00edngua Gestual Portuguesa<\/p>\n","protected":false},"excerpt":{"rendered":"<p>Lic. Educa\u00e7\u00e3o Social Lic Ensino B\u00e1sico Lic. Gest\u00e3o do Patrim\u00f3nio Mestrado em Gest\u00e3o do Patrim\u00f3nio Tradu\u00e7\u00e3o e Interpreta\u00e7\u00e3o em L\u00edngua Gestual Portuguesa<\/p>\n","protected":false},"author":2,"featured_media":0,"parent":0,"menu_order":0,"comment_status":"closed","ping_status":"closed","template":"","meta":{"footnotes":""},"class_list":["post-1692","page","type-page","status-publish","hentry","post"],"_links":{"self":[{"href":"https:\/\/mct.ese.ipp.pt\/index.php?rest_route=\/wp\/v2\/pages\/1692","targetHints":{"allow":["GET"]}}],"collection":[{"href":"https:\/\/mct.ese.ipp.pt\/index.php?rest_route=\/wp\/v2\/pages"}],"about":[{"href":"https:\/\/mct.ese.ipp.pt\/index.php?rest_route=\/wp\/v2\/types\/page"}],"author":[{"embeddable":true,"href":"https:\/\/mct.ese.ipp.pt\/index.php?rest_route=\/wp\/v2\/users\/2"}],"replies":[{"embeddable":true,"href":"https:\/\/mct.ese.ipp.pt\/index.php?rest_route=%2Fwp%2Fv2%2Fcomments&post=1692"}],"version-history":[{"count":3,"href":"https:\/\/mct.ese.ipp.pt\/index.php?rest_route=\/wp\/v2\/pages\/1692\/revisions"}],"predecessor-version":[{"id":1836,"href":"https:\/\/mct.ese.ipp.pt\/index.php?rest_route=\/wp\/v2\/pages\/1692\/revisions\/1836"}],"wp:attachment":[{"href":"https:\/\/mct.ese.ipp.pt\/index.php?rest_route=%2Fwp%2Fv2%2Fmedia&parent=1692"}],"curies":[{"name":"wp","href":"https:\/\/api.w.org\/{rel}","templated":true}]}}