{"id":665,"date":"2017-11-13T15:54:20","date_gmt":"2017-11-13T14:54:20","guid":{"rendered":"http:\/\/mct.ese.ipp.pt\/?page_id=665"},"modified":"2019-06-24T15:30:06","modified_gmt":"2019-06-24T14:30:06","slug":"docentes-2","status":"publish","type":"page","link":"https:\/\/mct.ese.ipp.pt\/?page_id=665","title":{"rendered":"Docentes"},"content":{"rendered":"<div><span style=\"color: #333399;\"><strong><\/strong><strong>Coordenador de UTC<\/strong><\/span><\/p>\n<hr \/>\n<\/div>\n<div><\/div>\n<div><strong>Cl\u00e1udia Manuela Ferreira Maia Lima<\/strong><\/div>\n<div>Professor-adjunto<\/div>\n<div><\/div>\n<div><\/div>\n<div><\/div>\n<div><\/div>\n<div><\/div>\n<div><span style=\"color: #333399;\"><span style=\"color: #333399;\"><strong>Docentes Tempo Integral<\/strong><\/span><\/span><\/p>\n<hr \/>\n<\/div>\n<div><strong>\u00c2ngela Maria Pinto do Couto<\/strong><\/div>\n<div>Professor-adjunto<\/div>\n<div><\/div>\n<div>A<strong>nt\u00f3nio Pedro Barbot Gon\u00e7alves da Silva<\/strong><\/div>\n<div>Prof Adjunto Convidado<\/div>\n<div><\/div>\n<div><strong>Augusto Duarte de Sousa Lemos<\/strong><\/div>\n<div>Professor-adjunto<\/div>\n<div><\/div>\n<div><strong>Daniela Filipa Martinho Mascarenhas <\/strong><\/div>\n<div>Professor-adjunto<\/div>\n<div><\/div>\n<div><strong>D\u00e1rida Maria Fernandes<\/strong><\/div>\n<div>Professor-coordenador sem agrega\u00e7\u00e3o<\/div>\n<div><\/div>\n<div><strong>Jos\u00e9 Alexandre da Silva Pinto<\/strong><\/div>\n<div>Professor-adjunto<\/div>\n<div><\/div>\n<div><strong>Rui Fernando da Maia Oliva Teles<\/strong><\/div>\n<div>Professor-adjunto<\/div>\n<div><\/div>\n<div><\/div>\n<div><\/div>\n<div><span style=\"color: #333399;\"><strong>Tempo parcial<\/strong><\/span><\/p>\n<hr \/>\n<\/div>\n<div><\/div>\n<div><strong>Adriana Matias Pereira Ferreira<\/strong><\/div>\n<div>Assistente Convidado<\/div>\n<div><\/div>\n<div><strong>Ana Isabel Silva Sousa<\/strong><\/div>\n<div>Assistente Convidado<\/div>\n<div><\/div>\n<div><strong>L\u00edgia Gon\u00e7alves Nogueira<\/strong><\/div>\n<div>Assistente Convidado<\/div>\n<div><\/div>\n<div><strong>Liliane Andreia Morais Fernandes Marques Godinho<\/strong><\/div>\n<div>Assistente Convidado<\/div>\n<div><\/div>\n<div><strong>Maria da Gra\u00e7a Teixeira da Fonseca Assistente Convidado<\/strong><\/div>\n<div>Pedro Correia Rodrigues Prof Adjunto Convidado<\/div>\n<div><\/div>\n<div><strong>Pedro Miguel Guimar\u00e3es Cardia Lopes<\/strong><\/div>\n<div>Prof Adjunto Convidado<\/div>\n<div><\/div>\n<div><strong>Sara Aboim Silva<\/strong><\/div>\n<div>Prof Adjunto Convidado<\/div>\n","protected":false},"excerpt":{"rendered":"<p>Coordenador de UTC Cl\u00e1udia Manuela Ferreira Maia Lima Professor-adjunto Docentes Tempo Integral \u00c2ngela Maria Pinto do Couto Professor-adjunto Ant\u00f3nio Pedro Barbot Gon\u00e7alves da Silva Prof Adjunto Convidado Augusto Duarte de Sousa Lemos Professor-adjunto Daniela Filipa Martinho Mascarenhas Professor-adjunto D\u00e1rida Maria Fernandes Professor-coordenador sem agrega\u00e7\u00e3o Jos\u00e9 Alexandre da Silva Pinto Professor-adjunto Rui Fernando da Maia Oliva [&hellip;]<\/p>\n","protected":false},"author":66,"featured_media":0,"parent":0,"menu_order":0,"comment_status":"closed","ping_status":"closed","template":"","meta":{"footnotes":""},"class_list":["post-665","page","type-page","status-publish","hentry","post"],"_links":{"self":[{"href":"https:\/\/mct.ese.ipp.pt\/index.php?rest_route=\/wp\/v2\/pages\/665","targetHints":{"allow":["GET"]}}],"collection":[{"href":"https:\/\/mct.ese.ipp.pt\/index.php?rest_route=\/wp\/v2\/pages"}],"about":[{"href":"https:\/\/mct.ese.ipp.pt\/index.php?rest_route=\/wp\/v2\/types\/page"}],"author":[{"embeddable":true,"href":"https:\/\/mct.ese.ipp.pt\/index.php?rest_route=\/wp\/v2\/users\/66"}],"replies":[{"embeddable":true,"href":"https:\/\/mct.ese.ipp.pt\/index.php?rest_route=%2Fwp%2Fv2%2Fcomments&post=665"}],"version-history":[{"count":15,"href":"https:\/\/mct.ese.ipp.pt\/index.php?rest_route=\/wp\/v2\/pages\/665\/revisions"}],"predecessor-version":[{"id":1320,"href":"https:\/\/mct.ese.ipp.pt\/index.php?rest_route=\/wp\/v2\/pages\/665\/revisions\/1320"}],"wp:attachment":[{"href":"https:\/\/mct.ese.ipp.pt\/index.php?rest_route=%2Fwp%2Fv2%2Fmedia&parent=665"}],"curies":[{"name":"wp","href":"https:\/\/api.w.org\/{rel}","templated":true}]}}